{"id":29,"date":"2015-06-13T02:04:23","date_gmt":"2015-06-13T00:04:23","guid":{"rendered":"http:\/\/www.tempobox.es\/?page_id=29"},"modified":"2024-06-28T10:23:48","modified_gmt":"2024-06-28T08:23:48","slug":"contacto","status":"publish","type":"page","link":"https:\/\/www.tempobox.es\/en\/contacto\/","title":{"rendered":"Contact"},"content":{"rendered":"<p>[vc_row full_width=&#8221;stretch_row_content&#8221; css=&#8221;.vc_custom_1509986711647{margin-bottom: 0px !important;padding-top: 200px !important;padding-bottom: 90px !important;background-image: url(http:\/\/www.tempobox.es\/wp-content\/uploads\/2016\/02\/pf_bg.png?id=6081) !important;background-position: center !important;background-repeat: no-repeat !important;background-size: cover !important;}&#8221; el_class=&#8221;center-bg&#8221;][vc_column][vc_column_text]<\/p>\n<p>CONTACT<\/p>\n<p>[\/vc_column_text]<div class=\"clearboth\"><\/div><div class=\"gem-divider \" style=\"margin-top: 65px;\"><\/div>[vc_column_text css=&#8221;.vc_custom_1509985079126{padding-top: 15px !important;}&#8221;]<\/p>\n<h4>The efficiency of time is our contribution to energy saving<\/h4>\n<p>[\/vc_column_text][\/vc_column][\/vc_row][vc_row css=&#8221;.vc_custom_1508773870675{padding-top: 80px !important;padding-bottom: 0px !important;}&#8221;][vc_column width=&#8221;5\/12&#8243;][vc_column_text]<\/p>\n<h2>Contact us<\/h2>\n<h5>CONTROLADORES TEMPO BOX, S.L.U.<\/h5>\n<p>C\/ Puerto Rico, 6.1,&nbsp;Pol. Ind. La Serreta<br \/>30.500 \u2013 Molina de Segura \u2013 Murcia \u2013 Spain<br \/>Email: info@tempobox.es&nbsp;|&nbsp;Tel.: 0034 868 780 503<\/p>\n<p>CONTACT<\/p>\n<p>[\/vc_column_text]<div class=\"clearboth\"><\/div><div class=\"gem-divider \" style=\"margin-top: 65px;\"><\/div>[vc_column_text css=&#8221;.vc_custom_1509985079126{padding-top: 15px !important;}&#8221;]<\/p>\n<h4>L&#8217;efficacit\u00e9 du temps est notre contribution \u00e0 l&#8217;\u00e9conomie d&#8217;\u00e9nergie<\/h4>\n<p>[\/vc_column_text][\/vc_column][\/vc_row][vc_row css=&#8221;.vc_custom_1508773870675{padding-top: 80px !important;padding-bottom: 0px !important;}&#8221;][vc_column width=&#8221;5\/12&#8243;][vc_column_text]<\/p>\n<h2>Contactez-nous<\/h2>\n<h5>CONTROLADORES TEMPO BOX, S.L.U.<\/h5>\n<p>C\/ Puerto Rico, 6.1,&nbsp;Pol. Ind. La Serreta<br \/>30.500 \u2013 Molina de Segura \u2013 Murcia \u2013 Espagne<br \/>Email: info@tempobox.es&nbsp;|&nbsp;Tel.: 0034 868 780 503[\/vc_column_text][\/vc_column][vc_column width=&#8221;1\/12&#8243;][\/vc_column][vc_column width=&#8221;6\/12&#8243;][contact-form-7 id=&#8221;27008&#8243; title=&#8221;Contact form 1&#8243;][\/vc_column][\/vc_row][vc_row full_width=&#8221;stretch_row_content_no_spaces&#8221; fullwidth=&#8221;true&#8221; css=&#8221;.vc_custom_1510052318082{margin-bottom: 0px !important;}&#8221;][vc_column]<div class=\"gem-map-with-text\"><div class=\"gem-map-with-text-content\" style=\"\"><\/div><div class=\"gem-map-with-text-map grayscale\">[vc_gmaps link=\"#E-8_JTNDaWZyYW1lJTIwc3JjJTNEJTIyaHR0cHMlM0ElMkYlMkZ3d3cuZ29vZ2xlLmNvbSUyRm1hcHMlMkZlbWJlZCUzRnBiJTNEJTIxMW0xNiUyMTFtMTIlMjExbTMlMjExZDYyODAuODgxNTY1MjMwNDQ2NSUyMTJkLTEuMjM1MDkyMzYyNDY2NjcyJTIxM2QzOC4wODM0MDI2NzcwMzA2NyUyMTJtMyUyMTFmMCUyMTJmMCUyMTNmMCUyMTNtMiUyMTFpMTAyNCUyMTJpNzY4JTIxNGYxMy4xJTIxMm0xJTIxMXNjYWxsZSUyQnB1ZXJ0byUyQnJpY28lMjUyQyUyQjYlMkJwLmkuJTJCbGElMkJzZXJyZXRhJTJCbW9saW5hJTJCZGVsJTJCc2VndXJhJTIxNWUwJTIxM20yJTIxMXNlcyUyMTJzZXMlMjE0djE1MTAwNTAwMTIwMDglMjIlMjB3aWR0aCUzRCUyMjYwMCUyMiUyMGhlaWdodCUzRCUyMjQ1MCUyMiUyMGZyYW1lYm9yZGVyJTNEJTIyMCUyMiUyMHN0eWxlJTNEJTIyYm9yZGVyJTNBMCUyMiUyMGFsbG93ZnVsbHNjcmVlbiUzRSUzQyUyRmlmcmFtZSUzRQ==\" size=\"496\" disable_scroll=\"1\"]<\/div><\/div>[\/vc_column][\/vc_row]","protected":false},"excerpt":{"rendered":"<p>[vc_row full_width=&#8221;stretch_row_content&#8221; css=&#8221;.vc_custom_1509986711647{margin-bottom: 0px !important;padding-top: 200px !important;padding-bottom: 90px !important;background-image: url(http:\/\/www.tempobox.es\/wp-content\/uploads\/2016\/02\/pf_bg.png?id=6081) !important;background-position: center !important;background-repeat: no-repeat !important;background-size: cover !important;}&#8221; el_class=&#8221;center-bg&#8221;][vc_column][vc_column_text] CONTACT [\/vc_column_text][vc_column_text&#8230;<\/p>\n","protected":false},"author":1,"featured_media":0,"parent":0,"menu_order":0,"comment_status":"closed","ping_status":"open","template":"","meta":{"_monsterinsights_skip_tracking":false,"_monsterinsights_sitenote_active":false,"_monsterinsights_sitenote_note":"","_monsterinsights_sitenote_category":0},"yoast_head":"<!-- This site is optimized with the Yoast SEO plugin v21.3 - https:\/\/yoast.com\/wordpress\/plugins\/seo\/ -->\n<title>Contacto | Tempo Box | Fabricante de cajas temporizadas multibase<\/title>\n<meta name=\"description\" content=\"Contacto, somos Tempo Box, fabricantes de cajas temporizadas multibase. La eficiencia del tiempo es nuestro aporte al ahorro energ\u00e9tico.\" \/>\n<meta name=\"robots\" content=\"index, follow, max-snippet:-1, max-image-preview:large, max-video-preview:-1\" \/>\n<link rel=\"canonical\" href=\"https:\/\/www.tempobox.es\/it\/contacto\/\" \/>\n<meta property=\"og:locale\" content=\"en_US\" \/>\n<meta property=\"og:type\" content=\"article\" \/>\n<meta property=\"og:title\" content=\"Contacto | Tempo Box | Fabricante de cajas temporizadas multibase\" \/>\n<meta property=\"og:description\" content=\"Contacto, somos Tempo Box, fabricantes de cajas temporizadas multibase. La eficiencia del tiempo es nuestro aporte al ahorro energ\u00e9tico.\" \/>\n<meta property=\"og:url\" content=\"https:\/\/www.tempobox.es\/it\/contacto\/\" \/>\n<meta property=\"og:site_name\" content=\"Tempo Box\" \/>\n<meta property=\"article:modified_time\" content=\"2024-06-28T08:23:48+00:00\" \/>\n<meta name=\"twitter:card\" content=\"summary_large_image\" \/>\n<meta name=\"twitter:label1\" content=\"Est. reading time\" \/>\n\t<meta name=\"twitter:data1\" content=\"2 minutes\" \/>\n<script type=\"application\/ld+json\" class=\"yoast-schema-graph\">{\"@context\":\"https:\/\/schema.org\",\"@graph\":[{\"@type\":\"WebPage\",\"@id\":\"https:\/\/www.tempobox.es\/it\/contacto\/\",\"url\":\"https:\/\/www.tempobox.es\/it\/contacto\/\",\"name\":\"Contacto | Tempo Box | Fabricante de cajas temporizadas multibase\",\"isPartOf\":{\"@id\":\"https:\/\/www.tempobox.es\/fr\/#website\"},\"datePublished\":\"2015-06-13T00:04:23+00:00\",\"dateModified\":\"2024-06-28T08:23:48+00:00\",\"description\":\"Contacto, somos Tempo Box, fabricantes de cajas temporizadas multibase. La eficiencia del tiempo es nuestro aporte al ahorro energ\u00e9tico.\",\"breadcrumb\":{\"@id\":\"https:\/\/www.tempobox.es\/it\/contacto\/#breadcrumb\"},\"inLanguage\":\"en-US\",\"potentialAction\":[{\"@type\":\"ReadAction\",\"target\":[\"https:\/\/www.tempobox.es\/it\/contacto\/\"]}]},{\"@type\":\"BreadcrumbList\",\"@id\":\"https:\/\/www.tempobox.es\/it\/contacto\/#breadcrumb\",\"itemListElement\":[{\"@type\":\"ListItem\",\"position\":1,\"name\":\"Portada\",\"item\":\"https:\/\/www.tempobox.es\/fr\/\"},{\"@type\":\"ListItem\",\"position\":2,\"name\":\"Contatti\"}]},{\"@type\":\"WebSite\",\"@id\":\"https:\/\/www.tempobox.es\/fr\/#website\",\"url\":\"https:\/\/www.tempobox.es\/fr\/\",\"name\":\"Tempo Box\",\"description\":\"Tempo box fabrica cajas temporizadas multibase\",\"potentialAction\":[{\"@type\":\"SearchAction\",\"target\":{\"@type\":\"EntryPoint\",\"urlTemplate\":\"https:\/\/www.tempobox.es\/fr\/?s={search_term_string}\"},\"query-input\":\"required name=search_term_string\"}],\"inLanguage\":\"en-US\"}]}<\/script>\n<!-- \/ Yoast SEO plugin. -->","yoast_head_json":{"title":"Contacto | Tempo Box | Fabricante de cajas temporizadas multibase","description":"Contacto, somos Tempo Box, fabricantes de cajas temporizadas multibase. La eficiencia del tiempo es nuestro aporte al ahorro energ\u00e9tico.","robots":{"index":"index","follow":"follow","max-snippet":"max-snippet:-1","max-image-preview":"max-image-preview:large","max-video-preview":"max-video-preview:-1"},"canonical":"https:\/\/www.tempobox.es\/it\/contacto\/","og_locale":"en_US","og_type":"article","og_title":"Contacto | Tempo Box | Fabricante de cajas temporizadas multibase","og_description":"Contacto, somos Tempo Box, fabricantes de cajas temporizadas multibase. La eficiencia del tiempo es nuestro aporte al ahorro energ\u00e9tico.","og_url":"https:\/\/www.tempobox.es\/it\/contacto\/","og_site_name":"Tempo Box","article_modified_time":"2024-06-28T08:23:48+00:00","twitter_card":"summary_large_image","twitter_misc":{"Est. reading time":"2 minutes"},"schema":{"@context":"https:\/\/schema.org","@graph":[{"@type":"WebPage","@id":"https:\/\/www.tempobox.es\/it\/contacto\/","url":"https:\/\/www.tempobox.es\/it\/contacto\/","name":"Contacto | Tempo Box | Fabricante de cajas temporizadas multibase","isPartOf":{"@id":"https:\/\/www.tempobox.es\/fr\/#website"},"datePublished":"2015-06-13T00:04:23+00:00","dateModified":"2024-06-28T08:23:48+00:00","description":"Contacto, somos Tempo Box, fabricantes de cajas temporizadas multibase. La eficiencia del tiempo es nuestro aporte al ahorro energ\u00e9tico.","breadcrumb":{"@id":"https:\/\/www.tempobox.es\/it\/contacto\/#breadcrumb"},"inLanguage":"en-US","potentialAction":[{"@type":"ReadAction","target":["https:\/\/www.tempobox.es\/it\/contacto\/"]}]},{"@type":"BreadcrumbList","@id":"https:\/\/www.tempobox.es\/it\/contacto\/#breadcrumb","itemListElement":[{"@type":"ListItem","position":1,"name":"Portada","item":"https:\/\/www.tempobox.es\/fr\/"},{"@type":"ListItem","position":2,"name":"Contatti"}]},{"@type":"WebSite","@id":"https:\/\/www.tempobox.es\/fr\/#website","url":"https:\/\/www.tempobox.es\/fr\/","name":"Tempo Box","description":"Tempo box fabrica cajas temporizadas multibase","potentialAction":[{"@type":"SearchAction","target":{"@type":"EntryPoint","urlTemplate":"https:\/\/www.tempobox.es\/fr\/?s={search_term_string}"},"query-input":"required name=search_term_string"}],"inLanguage":"en-US"}]}},"_links":{"self":[{"href":"https:\/\/www.tempobox.es\/en\/wp-json\/wp\/v2\/pages\/29"}],"collection":[{"href":"https:\/\/www.tempobox.es\/en\/wp-json\/wp\/v2\/pages"}],"about":[{"href":"https:\/\/www.tempobox.es\/en\/wp-json\/wp\/v2\/types\/page"}],"author":[{"embeddable":true,"href":"https:\/\/www.tempobox.es\/en\/wp-json\/wp\/v2\/users\/1"}],"replies":[{"embeddable":true,"href":"https:\/\/www.tempobox.es\/en\/wp-json\/wp\/v2\/comments?post=29"}],"version-history":[{"count":93,"href":"https:\/\/www.tempobox.es\/en\/wp-json\/wp\/v2\/pages\/29\/revisions"}],"predecessor-version":[{"id":27746,"href":"https:\/\/www.tempobox.es\/en\/wp-json\/wp\/v2\/pages\/29\/revisions\/27746"}],"wp:attachment":[{"href":"https:\/\/www.tempobox.es\/en\/wp-json\/wp\/v2\/media?parent=29"}],"curies":[{"name":"wp","href":"https:\/\/api.w.org\/{rel}","templated":true}]}}